{"id":1252,"date":"2025-09-09T11:11:50","date_gmt":"2025-09-09T08:11:50","guid":{"rendered":"https:\/\/mercado.ee\/privaatsuspoliitika\/"},"modified":"2025-11-25T19:04:24","modified_gmt":"2025-11-25T16:04:24","slug":"privaatsuspoliitika","status":"publish","type":"page","link":"https:\/\/mercado.ee\/ru\/privaatsuspoliitika\/","title":{"rendered":"Privaatsuspoliitika"},"content":{"rendered":"\n<p>See privaatsuspoliitika kirjeldab Tagala Arendus O\u00dc, Lelle 24 11318 Tallinn, Harjumaa 11318, Eesti, e-post: veeb@naturapark.ee poliitikat teie teabe kogumise, kasutamise ja avaldamise kohta, mida kogume, kui kasutate meie veebisaiti ( https:\/ \/naturapark.ee ). (\u201cteenus\u201d). Teenusele ligi p\u00e4\u00e4sedes v\u00f5i seda kasutades n\u00f5ustute oma teabe kogumise, kasutamise ja avaldamisega koosk\u00f5las k\u00e4esoleva privaatsuspoliitikaga. Kui te sellega n\u00f5us ei ole, \u00e4rge palun Teenusele juurdep\u00e4\u00e4su ega kasutage seda.<br>V\u00f5ime seda privaatsuspoliitikat igal ajal ilma teile ette teatamata muuta ja postitame teenusesse muudetud privaatsuspoliitika. Muudetud poliitika j\u00f5ustub 180 p\u00e4eva p\u00e4rast muudetud poliitika teenusesse postitamist ja teie j\u00e4tkuv juurdep\u00e4\u00e4s teenusele v\u00f5i selle kasutamine p\u00e4rast seda aega t\u00e4hendab, et n\u00f5ustute muudetud privaatsuspoliitikaga. Seet\u00f5ttu soovitame teil seda lehek\u00fclge aeg-ajalt \u00fcle vaadata.<\/p>\n\n\n\n<p>Kogutav teave:<br>Kogume ja t\u00f6\u00f6tleme teie kohta j\u00e4rgmisi isikuandmeid:<\/p>\n\n\n\n<p>Nimi<br>Email<br>Telefon<\/p>\n\n\n\n<p>Kuidas me teie teavet kasutame:<br>Kasutame teie kohta kogutud teavet j\u00e4rgmistel eesm\u00e4rkidel:<\/p>\n\n\n\n<p>Turundus\/ Reklaam<br>Kontaktide saamine<\/p>\n\n\n\n<p>Kuidas me teie teavet jagame:<br>Me ei edasta teie isikuandmeid kolmandatele isikutele ilma teie n\u00f5usolekut k\u00fcsimata, v\u00e4lja arvatud allpool kirjeldatud piiratud juhtudel:<\/p>\n\n\n\n<p>Reklaamiteenus<br>Anal\u00fc\u00fctika<br>N\u00f5uame, et sellised kolmandad isikud kasutaksid neile edastatud isikuandmeid ainult sel eesm\u00e4rgil, milleks need edastati, ega s\u00e4ilitaks neid kauem, kui on nimetatud eesm\u00e4rgi t\u00e4itmiseks vajalik.<br>V\u00f5ime teie isikuandmeid avaldada ka j\u00e4rgmistel eesm\u00e4rkidel: (1) kohaldatava seaduse, m\u00e4\u00e4ruse, kohtum\u00e4\u00e4ruse v\u00f5i muu \u00f5igusliku protsessi j\u00e4rgimiseks; (2) meiega s\u00f5lmitud lepingute, sealhulgas k\u00e4esoleva privaatsuspoliitika j\u00f5ustamiseks; v\u00f5i (3) vastata v\u00e4idetele, et teie teenuse kasutamine rikub kolmandate isikute \u00f5igusi. Kui Teenus v\u00f5i meie ettev\u00f5te \u00fchendatakse v\u00f5i omandatakse m\u00f5ne teise ettev\u00f5ttega, on teie teave \u00fcks varadest, mis antakse \u00fcle uuele omanikule.<\/p>\n\n\n\n<p>Teie teabe s\u00e4ilitamine:<br>S\u00e4ilitame teie isikuandmeid meie juures 90 p\u00e4eva kuni 2 aastat p\u00e4rast seda, kui kasutajakontod j\u00e4\u00e4vad j\u00f5ude v\u00f5i nii kaua, kui vajame neid eesm\u00e4rkide t\u00e4itmiseks, milleks need koguti, nagu on kirjeldatud k\u00e4esolevas privaatsuspoliitikas. Meil v\u00f5ib tekkida vajadus s\u00e4ilitada teatud teavet pikema aja jooksul, nagu dokumentide s\u00e4ilitamine\/aruandlus vastavalt kohaldatavale seadusele v\u00f5i muudel legitiimsetel p\u00f5hjustel, nagu seaduslike \u00f5iguste j\u00f5ustamine, pettuste \u00e4rahoidmine jne. Anon\u00fc\u00fcmne j\u00e4\u00e4kteave ja koondteave, millest kumbki ei tuvasta teid (otse v\u00f5i kaudselt), v\u00f5ib s\u00e4ilitada t\u00e4htajatult.<\/p>\n\n\n\n<p>Teie \u00f5igused:<br>Olenevalt kohaldatavast seadusest v\u00f5ib teil olla \u00f5igus oma isikuandmetele juurde p\u00e4\u00e4seda ja neid parandada v\u00f5i kustutada v\u00f5i saada oma isikuandmete koopia, piirata oma andmete aktiivset t\u00f6\u00f6tlemist v\u00f5i selle vastu olla, paluda meil teie isikuandmeid jagada (portida) teisele juriidilisele isikule teavet, v\u00f5tta tagasi k\u00f5ik n\u00f5usolekud, mille andsite meile oma andmete t\u00f6\u00f6tlemiseks, \u00f5igus esitada kaebus seadusj\u00e4rgsele asutusele ja muud \u00f5igused, mis v\u00f5ivad kehtivate seaduste alusel olla asjakohased. Nende \u00f5iguste kasutamiseks v\u00f5ite meile kirjutada aadressil veeb@mercado.ee. Vastame teie p\u00e4ringule vastavalt kehtivatele seadustele.<br>Pange t\u00e4hele, et kui te ei luba meil n\u00f5utud isikuandmeid koguda v\u00f5i t\u00f6\u00f6delda v\u00f5i v\u00f5tate tagasi n\u00f5usoleku nende t\u00f6\u00f6tlemiseks n\u00f5utud eesm\u00e4rkidel, ei pruugi teil olla juurdep\u00e4\u00e4s teenustele, mille jaoks teie teavet otsiti, v\u00f5i neid kasutada.<\/p>\n\n\n\n<p>K\u00fcpsised jne<br>Lisateabe saamiseks selle kohta, kuidas me neid j\u00e4lgimistehnoloogiaid kasutame ja teie valikuid seoses nende j\u00e4lgimistehnoloogiatega, vaadake meie k\u00fcpsiste poliitikast.<\/p>\n\n\n\n<p>Turvalisus:<br>Teie teabe turvalisus on meile oluline ja me kasutame m\u00f5istlikke turvameetmeid, et v\u00e4ltida meie kontrolli all oleva teabe kadumist, v\u00e4\u00e4rkasutamist v\u00f5i volitamata muutmist. Arvestades loomup\u00e4raseid riske, ei saa me aga tagada t\u00e4ielikku turvalisust ja j\u00e4relikult ei saa me tagada ega garanteerida \u00fchegi meile edastatava teabe turvalisust ja teete seda omal riisikol.<\/p>\n\n\n\n<p>Kaebused \/ andmekaitseametnik:<\/p>\n\n\n\n<p>Kui teil on k\u00fcsimusi v\u00f5i muresid seoses meilt saadaoleva teabe t\u00f6\u00f6tlemisega, v\u00f5ite kirjutada meie kaebuste esitajale aadressil Tagala Arendus O\u00dc, Lelle 24 11318 Tallinn, e-post: veeb@mercado.ee. Me k\u00e4sitleme teie muresid vastavalt kehtivatele seadustele.<\/p>\n","protected":false},"excerpt":{"rendered":"<p>See privaatsuspoliitika kirjeldab Tagala Arendus O\u00dc, Lelle 24 11318 Tallinn, Harjumaa 11318, Eesti, e-post: veeb@naturapark.ee poliitikat teie teabe kogumise, kasutamise ja avaldamise kohta, mida kogume, kui kasutate meie veebisaiti ( https:\/ \/naturapark.ee ). (\u201cteenus\u201d). Teenusele ligi p\u00e4\u00e4sedes v\u00f5i seda kasutades n\u00f5ustute oma teabe kogumise, kasutamise ja avaldamisega koosk\u00f5las k\u00e4esoleva privaatsuspoliitikaga. Kui te sellega n\u00f5us ei [&hellip;]<\/p>\n","protected":false},"author":1,"featured_media":0,"parent":0,"menu_order":0,"comment_status":"closed","ping_status":"open","template":"","meta":{"footnotes":""},"class_list":["post-1252","page","type-page","status-publish","hentry"],"_links":{"self":[{"href":"https:\/\/mercado.ee\/ru\/wp-json\/wp\/v2\/pages\/1252","targetHints":{"allow":["GET"]}}],"collection":[{"href":"https:\/\/mercado.ee\/ru\/wp-json\/wp\/v2\/pages"}],"about":[{"href":"https:\/\/mercado.ee\/ru\/wp-json\/wp\/v2\/types\/page"}],"author":[{"embeddable":true,"href":"https:\/\/mercado.ee\/ru\/wp-json\/wp\/v2\/users\/1"}],"replies":[{"embeddable":true,"href":"https:\/\/mercado.ee\/ru\/wp-json\/wp\/v2\/comments?post=1252"}],"version-history":[{"count":3,"href":"https:\/\/mercado.ee\/ru\/wp-json\/wp\/v2\/pages\/1252\/revisions"}],"predecessor-version":[{"id":1256,"href":"https:\/\/mercado.ee\/ru\/wp-json\/wp\/v2\/pages\/1252\/revisions\/1256"}],"wp:attachment":[{"href":"https:\/\/mercado.ee\/ru\/wp-json\/wp\/v2\/media?parent=1252"}],"curies":[{"name":"wp","href":"https:\/\/api.w.org\/{rel}","templated":true}]}}